{"id":2645,"date":"2026-02-27T12:24:31","date_gmt":"2026-02-27T17:24:31","guid":{"rendered":"https:\/\/bogota.siggraph.org\/?page_id=2645"},"modified":"2026-02-27T12:26:15","modified_gmt":"2026-02-27T17:26:15","slug":"invitados-caf-2026","status":"publish","type":"page","link":"https:\/\/bogota.siggraph.org\/es\/invitados-caf-2026\/","title":{"rendered":"Invitados CAF 2026"},"content":{"rendered":"\t\t<div data-elementor-type=\"wp-page\" data-elementor-id=\"2645\" class=\"elementor elementor-2645\">\n\t\t\t\t<div class=\"elementor-element elementor-element-647cacdf e-flex e-con-boxed e-con e-parent\" data-id=\"647cacdf\" data-element_type=\"container\" data-e-type=\"container\" data-settings=\"{&quot;background_background&quot;:&quot;gradient&quot;,&quot;shape_divider_bottom&quot;:&quot;wave-brush&quot;}\">\n\t\t\t\t\t<div class=\"e-con-inner\">\n\t\t\t\t<div class=\"elementor-shape elementor-shape-bottom\" aria-hidden=\"true\" data-negative=\"false\">\n\t\t\t<svg xmlns=\"http:\/\/www.w3.org\/2000\/svg\" viewBox=\"0 0 283.5 27.8\" preserveAspectRatio=\"none\">\n\t<path class=\"elementor-shape-fill\" d=\"M283.5,9.7c0,0-7.3,4.3-14,4.6c-6.8,0.3-12.6,0-20.9-1.5c-11.3-2-33.1-10.1-44.7-5.7\ts-12.1,4.6-18,7.4c-6.6,3.2-20,9.6-36.6,9.3C131.6,23.5,99.5,7.2,86.3,8c-1.4,0.1-6.6,0.8-10.5,2c-3.8,1.2-9.4,3.8-17,4.7\tc-3.2,0.4-8.3,1.1-14.2,0.9c-1.5-0.1-6.3-0.4-12-1.6c-5.7-1.2-11-3.1-15.8-3.7C6.5,9.2,0,10.8,0,10.8V0h283.5V9.7z M260.8,11.3\tc-0.7-1-2-0.4-4.3-0.4c-2.3,0-6.1-1.2-5.8-1.1c0.3,0.1,3.1,1.5,6,1.9C259.7,12.2,261.4,12.3,260.8,11.3z M242.4,8.6\tc0,0-2.4-0.2-5.6-0.9c-3.2-0.8-10.3-2.8-15.1-3.5c-8.2-1.1-15.8,0-15.1,0.1c0.8,0.1,9.6-0.6,17.6,1.1c3.3,0.7,9.3,2.2,12.4,2.7\tC239.9,8.7,242.4,8.6,242.4,8.6z M185.2,8.5c1.7-0.7-13.3,4.7-18.5,6.1c-2.1,0.6-6.2,1.6-10,2c-3.9,0.4-8.9,0.4-8.8,0.5\tc0,0.2,5.8,0.8,11.2,0c5.4-0.8,5.2-1.1,7.6-1.6C170.5,14.7,183.5,9.2,185.2,8.5z M199.1,6.9c0.2,0-0.8-0.4-4.8,1.1\tc-4,1.5-6.7,3.5-6.9,3.7c-0.2,0.1,3.5-1.8,6.6-3C197,7.5,199,6.9,199.1,6.9z M283,6c-0.1,0.1-1.9,1.1-4.8,2.5s-6.9,2.8-6.7,2.7\tc0.2,0,3.5-0.6,7.4-2.5C282.8,6.8,283.1,5.9,283,6z M31.3,11.6c0.1-0.2-1.9-0.2-4.5-1.2s-5.4-1.6-7.8-2C15,7.6,7.3,8.5,7.7,8.6\tC8,8.7,15.9,8.3,20.2,9.3c2.2,0.5,2.4,0.5,5.7,1.6S31.2,11.9,31.3,11.6z M73,9.2c0.4-0.1,3.5-1.6,8.4-2.6c4.9-1.1,8.9-0.5,8.9-0.8\tc0-0.3-1-0.9-6.2-0.3S72.6,9.3,73,9.2z M71.6,6.7C71.8,6.8,75,5.4,77.3,5c2.3-0.3,1.9-0.5,1.9-0.6c0-0.1-1.1-0.2-2.7,0.2\tC74.8,5.1,71.4,6.6,71.6,6.7z M93.6,4.4c0.1,0.2,3.5,0.8,5.6,1.8c2.1,1,1.8,0.6,1.9,0.5c0.1-0.1-0.8-0.8-2.4-1.3\tC97.1,4.8,93.5,4.2,93.6,4.4z M65.4,11.1c-0.1,0.3,0.3,0.5,1.9-0.2s2.6-1.3,2.2-1.2s-0.9,0.4-2.5,0.8C65.3,10.9,65.5,10.8,65.4,11.1\tz M34.5,12.4c-0.2,0,2.1,0.8,3.3,0.9c1.2,0.1,2,0.1,2-0.2c0-0.3-0.1-0.5-1.6-0.4C36.6,12.8,34.7,12.4,34.5,12.4z M152.2,21.1\tc-0.1,0.1-2.4-0.3-7.5-0.3c-5,0-13.6-2.4-17.2-3.5c-3.6-1.1,10,3.9,16.5,4.1C150.5,21.6,152.3,21,152.2,21.1z\"\/>\n\t<path class=\"elementor-shape-fill\" d=\"M269.6,18c-0.1-0.1-4.6,0.3-7.2,0c-7.3-0.7-17-3.2-16.6-2.9c0.4,0.3,13.7,3.1,17,3.3\tC267.7,18.8,269.7,18,269.6,18z\"\/>\n\t<path class=\"elementor-shape-fill\" d=\"M227.4,9.8c-0.2-0.1-4.5-1-9.5-1.2c-5-0.2-12.7,0.6-12.3,0.5c0.3-0.1,5.9-1.8,13.3-1.2\tS227.6,9.9,227.4,9.8z\"\/>\n\t<path class=\"elementor-shape-fill\" d=\"M204.5,13.4c-0.1-0.1,2-1,3.2-1.1c1.2-0.1,2,0,2,0.3c0,0.3-0.1,0.5-1.6,0.4\tC206.4,12.9,204.6,13.5,204.5,13.4z\"\/>\n\t<path class=\"elementor-shape-fill\" d=\"M201,10.6c0-0.1-4.4,1.2-6.3,2.2c-1.9,0.9-6.2,3.1-6.1,3.1c0.1,0.1,4.2-1.6,6.3-2.6\tS201,10.7,201,10.6z\"\/>\n\t<path class=\"elementor-shape-fill\" d=\"M154.5,26.7c-0.1-0.1-4.6,0.3-7.2,0c-7.3-0.7-17-3.2-16.6-2.9c0.4,0.3,13.7,3.1,17,3.3\tC152.6,27.5,154.6,26.8,154.5,26.7z\"\/>\n\t<path class=\"elementor-shape-fill\" d=\"M41.9,19.3c0,0,1.2-0.3,2.9-0.1c1.7,0.2,5.8,0.9,8.2,0.7c4.2-0.4,7.4-2.7,7-2.6\tc-0.4,0-4.3,2.2-8.6,1.9c-1.8-0.1-5.1-0.5-6.7-0.4S41.9,19.3,41.9,19.3z\"\/>\n\t<path class=\"elementor-shape-fill\" d=\"M75.5,12.6c0.2,0.1,2-0.8,4.3-1.1c2.3-0.2,2.1-0.3,2.1-0.5c0-0.1-1.8-0.4-3.4,0\tC76.9,11.5,75.3,12.5,75.5,12.6z\"\/>\n\t<path class=\"elementor-shape-fill\" d=\"M15.6,13.2c0-0.1,4.3,0,6.7,0.5c2.4,0.5,5,1.9,5,2c0,0.1-2.7-0.8-5.1-1.4\tC19.9,13.7,15.7,13.3,15.6,13.2z\"\/>\n<\/svg>\t\t<\/div>\n\t\t\t\t<div class=\"elementor-element elementor-element-184530bb elementor-widget elementor-widget-heading\" data-id=\"184530bb\" data-element_type=\"widget\" data-e-type=\"widget\" data-widget_type=\"heading.default\">\n\t\t\t\t<div class=\"elementor-widget-container\">\n\t\t\t\t\t<h2 class=\"elementor-heading-title elementor-size-default\">Invitados en vivo<\/h2>\t\t\t\t<\/div>\n\t\t\t\t<\/div>\n\t\t\t\t<div class=\"elementor-element elementor-element-3932c0e6 elementor-widget elementor-widget-text-editor\" data-id=\"3932c0e6\" data-element_type=\"widget\" data-e-type=\"widget\" data-widget_type=\"text-editor.default\">\n\t\t\t\t<div class=\"elementor-widget-container\">\n\t\t\t\t\t\t\t\t\t<p class=\"max-w-[700px] text-siggraph-lightgrey md:text-xl\">Conoce a los profesionales que se encargan de fortalecer la industria de la animaci\u00f3n, los efectos visuales y la computaci\u00f3n gr\u00e1fica.<\/p>\t\t\t\t\t\t\t\t<\/div>\n\t\t\t\t<\/div>\n\t\t\t\t\t<\/div>\n\t\t\t\t<\/div>\n\t\t<div class=\"elementor-element elementor-element-4fddb9f3 e-flex e-con-boxed e-con e-parent\" data-id=\"4fddb9f3\" data-element_type=\"container\" data-e-type=\"container\" data-settings=\"{&quot;background_background&quot;:&quot;classic&quot;}\">\n\t\t\t\t\t<div class=\"e-con-inner\">\n\t\t<div class=\"elementor-element elementor-element-5c9f522 e-con-full e-flex e-con e-child\" data-id=\"5c9f522\" data-element_type=\"container\" data-e-type=\"container\">\n\t\t<div class=\"elementor-element elementor-element-32cbb206 e-con-full e-flex e-con e-child\" data-id=\"32cbb206\" data-element_type=\"container\" data-e-type=\"container\" data-settings=\"{&quot;background_background&quot;:&quot;classic&quot;}\">\n\t\t\t\t<div class=\"elementor-element elementor-element-2694409d elementor-widget elementor-widget-image\" data-id=\"2694409d\" data-element_type=\"widget\" data-e-type=\"widget\" data-widget_type=\"image.default\">\n\t\t\t\t<div class=\"elementor-widget-container\">\n\t\t\t\t\t\t\t\t\t\t\t\t\t\t\t<img fetchpriority=\"high\" decoding=\"async\" width=\"500\" height=\"500\" src=\"https:\/\/bogota.siggraph.org\/wp-content\/uploads\/2026\/02\/Andres-Landazabal.png\" class=\"attachment-full size-full wp-image-2646\" alt=\"\" srcset=\"https:\/\/bogota.siggraph.org\/wp-content\/uploads\/2026\/02\/Andres-Landazabal.png 500w, https:\/\/bogota.siggraph.org\/wp-content\/uploads\/2026\/02\/Andres-Landazabal-300x300.png 300w, https:\/\/bogota.siggraph.org\/wp-content\/uploads\/2026\/02\/Andres-Landazabal-150x150.png 150w, https:\/\/bogota.siggraph.org\/wp-content\/uploads\/2026\/02\/Andres-Landazabal-12x12.png 12w\" sizes=\"(max-width: 500px) 100vw, 500px\" \/>\t\t\t\t\t\t\t\t\t\t\t\t\t\t\t<\/div>\n\t\t\t\t<\/div>\n\t\t\t\t<\/div>\n\t\t<div class=\"elementor-element elementor-element-48640cc1 e-con-full e-flex e-con e-child\" data-id=\"48640cc1\" data-element_type=\"container\" data-e-type=\"container\">\n\t\t\t\t<div class=\"elementor-element elementor-element-19782bde elementor-widget__width-inherit elementor-widget elementor-widget-heading\" data-id=\"19782bde\" data-element_type=\"widget\" data-e-type=\"widget\" data-widget_type=\"heading.default\">\n\t\t\t\t<div class=\"elementor-widget-container\">\n\t\t\t\t\t<h2 class=\"elementor-heading-title elementor-size-default\">Andr\u00e9s Landaz\u00e1bal<\/h2>\t\t\t\t<\/div>\n\t\t\t\t<\/div>\n\t\t\t\t<div class=\"elementor-element elementor-element-b0d63c0 elementor-widget__width-inherit elementor-widget elementor-widget-heading\" data-id=\"b0d63c0\" data-element_type=\"widget\" data-e-type=\"widget\" data-widget_type=\"heading.default\">\n\t\t\t\t<div class=\"elementor-widget-container\">\n\t\t\t\t\t<h5 class=\"elementor-heading-title elementor-size-default\">En conversatorio en la Universidad Militar Nueva Granada, Campus Cajic\u00e1, tras la proyecci\u00f3n del CAF el viernes 27 de febrero, 11:00 a.m.<\/h5>\t\t\t\t<\/div>\n\t\t\t\t<\/div>\n\t\t\t\t<div class=\"elementor-element elementor-element-26da9e3e elementor-widget__width-inherit elementor-widget elementor-widget-text-editor\" data-id=\"26da9e3e\" data-element_type=\"widget\" data-e-type=\"widget\" data-widget_type=\"text-editor.default\">\n\t\t\t\t<div class=\"elementor-widget-container\">\n\t\t\t\t\t\t\t\t\t<p>Andr\u00e9s es un ilustrador, dise\u00f1ador de producci\u00f3n y director de arte Colombiano.<\/p><p>Su trabajo ha aparecido en pel\u00edculas de animaci\u00f3n, programas de televisi\u00f3n y, \u00faltimamente, en publicaciones impresas, tales como en Penguin Random House, Chronicles, Canddlewick Press, entre otras.<\/p><p>El amor de Andr\u00e9s por el dibujo y la pintura naci\u00f3 a una edad temprana al leer libros infantiles cl\u00e1sicos ilustrados.<\/p>\t\t\t\t\t\t\t\t<\/div>\n\t\t\t\t<\/div>\n\t\t\t\t<\/div>\n\t\t\t\t<\/div>\n\t\t<div class=\"elementor-element elementor-element-910b4cf e-con-full e-flex e-con e-child\" data-id=\"910b4cf\" data-element_type=\"container\" data-e-type=\"container\">\n\t\t<div class=\"elementor-element elementor-element-f6b0db4 e-con-full e-flex e-con e-child\" data-id=\"f6b0db4\" data-element_type=\"container\" data-e-type=\"container\" data-settings=\"{&quot;background_background&quot;:&quot;classic&quot;}\">\n\t\t\t\t<div class=\"elementor-element elementor-element-4ca68c4 elementor-widget elementor-widget-image\" data-id=\"4ca68c4\" data-element_type=\"widget\" data-e-type=\"widget\" data-widget_type=\"image.default\">\n\t\t\t\t<div class=\"elementor-widget-container\">\n\t\t\t\t\t\t\t\t\t\t\t\t\t\t\t<img decoding=\"async\" width=\"500\" height=\"500\" src=\"https:\/\/bogota.siggraph.org\/wp-content\/uploads\/2026\/02\/Andres-Felipe-Hernandez.png\" class=\"attachment-full size-full wp-image-2647\" alt=\"\" srcset=\"https:\/\/bogota.siggraph.org\/wp-content\/uploads\/2026\/02\/Andres-Felipe-Hernandez.png 500w, https:\/\/bogota.siggraph.org\/wp-content\/uploads\/2026\/02\/Andres-Felipe-Hernandez-300x300.png 300w, https:\/\/bogota.siggraph.org\/wp-content\/uploads\/2026\/02\/Andres-Felipe-Hernandez-150x150.png 150w, https:\/\/bogota.siggraph.org\/wp-content\/uploads\/2026\/02\/Andres-Felipe-Hernandez-12x12.png 12w\" sizes=\"(max-width: 500px) 100vw, 500px\" \/>\t\t\t\t\t\t\t\t\t\t\t\t\t\t\t<\/div>\n\t\t\t\t<\/div>\n\t\t\t\t<\/div>\n\t\t<div class=\"elementor-element elementor-element-693be8a e-con-full e-flex e-con e-child\" data-id=\"693be8a\" data-element_type=\"container\" data-e-type=\"container\">\n\t\t\t\t<div class=\"elementor-element elementor-element-4cad1c1 elementor-widget__width-inherit elementor-widget elementor-widget-heading\" data-id=\"4cad1c1\" data-element_type=\"widget\" data-e-type=\"widget\" data-widget_type=\"heading.default\">\n\t\t\t\t<div class=\"elementor-widget-container\">\n\t\t\t\t\t<h2 class=\"elementor-heading-title elementor-size-default\">Andr\u00e9s Felipe Hern\u00e1ndez<\/h2>\t\t\t\t<\/div>\n\t\t\t\t<\/div>\n\t\t\t\t<div class=\"elementor-element elementor-element-028ba4c elementor-widget__width-inherit elementor-widget elementor-widget-heading\" data-id=\"028ba4c\" data-element_type=\"widget\" data-e-type=\"widget\" data-widget_type=\"heading.default\">\n\t\t\t\t<div class=\"elementor-widget-container\">\n\t\t\t\t\t<h5 class=\"elementor-heading-title elementor-size-default\">En conversatorio en Maloka, como parte de la proyecci\u00f3n del CAF, s\u00e1bado 28 de febrero, 5:00 p.m.<\/h5>\t\t\t\t<\/div>\n\t\t\t\t<\/div>\n\t\t\t\t<div class=\"elementor-element elementor-element-2c43832 elementor-widget__width-inherit elementor-widget elementor-widget-text-editor\" data-id=\"2c43832\" data-element_type=\"widget\" data-e-type=\"widget\" data-widget_type=\"text-editor.default\">\n\t\t\t\t<div class=\"elementor-widget-container\">\n\t\t\t\t\t\t\t\t\t<p>Andr\u00e9s es Dise\u00f1ador Gr\u00e1fico de la Universidad Jorge Tadeo Lozano con amplia experiencia en dise\u00f1o, motion graphics, animaci\u00f3n y efectos visuales. Su trabajo se centra actualmente en el arte de videojuegos y la producci\u00f3n en tiempo real, con una formaci\u00f3n multidisciplinar que abarca roles como artista de storyboard, artista conceptual, generalista 3D, artista principal y artista t\u00e9cnico, con experiencia en el desarrollo y optimizaci\u00f3n de pipelines y herramientas de producci\u00f3n. En 2004, su proyecto de graduaci\u00f3n fue seleccionado para el Festival Artronika, organizado por la Embajada de Francia y el Instituto Goethe. Posteriormente, fund\u00f3 el estudio V\u00f3rtice, donde desarroll\u00f3 m\u00faltiples proyectos que obtuvieron premios y reconocimientos internacionales, incluyendo una publicaci\u00f3n de Taschen. <strong>En 2008, su cortometraje animado Cevo fue invitado al Festival de Animaci\u00f3n por Computadora SIGGRAPH de Nueva Orleans.<\/strong> Posteriormente, el cortometraje fue nominado a L\u00e1piz de Acero 2009 y seleccionado y premiado por los comisarios de ArtFutura 2009 en Espa\u00f1a. Ha participado como ponente en el Festival Loop y en el cap\u00edtulo colombiano de ACM SIGGRAPH, donde tambi\u00e9n form\u00f3 parte de la junta directiva.\u00a0<\/p>\t\t\t\t\t\t\t\t<\/div>\n\t\t\t\t<\/div>\n\t\t\t\t<div class=\"elementor-element elementor-element-0055e7b elementor-widget__width-inherit elementor-widget elementor-widget-text-editor\" data-id=\"0055e7b\" data-element_type=\"widget\" data-e-type=\"widget\" data-widget_type=\"text-editor.default\">\n\t\t\t\t<div class=\"elementor-widget-container\">\n\t\t\t\t\t\t\t\t\t<p>En 2011, fue admitido como miembro de la Sociedad de Efectos Visuales (VES). Como Director de Proyectos en el estudio colombiano Loving Life, anteriormente parte de Rhayuela Films, colabor\u00f3 \u200b\u200bestrechamente con agencias de publicidad y dirigi\u00f3 producciones audiovisuales para importantes marcas como Alpina, Coca-Cola y Sura, para quien redise\u00f1\u00f3 su ic\u00f3nico tigre. A trav\u00e9s de este trabajo, ayud\u00f3 a las agencias a fortalecer la identidad de marca, ofreciendo contenido visualmente atractivo y de alto impacto, experiencia que ahora aplica a la creaci\u00f3n de entornos interactivos inmersivos en tiempo real. En los \u00faltimos a\u00f1os, se ha centrado por completo en la industria de los videojuegos, contribuyendo a t\u00edtulos como World War Doh, Champions Ascension y FIFA Rivals. Su trabajo en estas producciones consolida a\u00fan m\u00e1s su experiencia en pipelines en tiempo real, colaboraci\u00f3n interdisciplinaria y la creaci\u00f3n de experiencias interactivas de alta calidad.<\/p>\t\t\t\t\t\t\t\t<\/div>\n\t\t\t\t<\/div>\n\t\t\t\t<\/div>\n\t\t\t\t<\/div>\n\t\t\t\t\t<\/div>\n\t\t\t\t<\/div>\n\t\t\t\t<\/div>\n\t\t","protected":false},"excerpt":{"rendered":"<p>Invitados en vivo Conoce a los profesionales que se encargan de fortalecer la industria de la animaci\u00f3n, los efectos visuales y la computaci\u00f3n gr\u00e1fica. Andr\u00e9s Landaz\u00e1bal En conversatorio en la Universidad Militar Nueva Granada, Campus Cajic\u00e1, tras la proyecci\u00f3n del CAF el viernes 27 de febrero, 11:00 a.m. Andr\u00e9s es un ilustrador, dise\u00f1ador de producci\u00f3n [&hellip;]<\/p>\n","protected":false},"author":3,"featured_media":0,"parent":0,"menu_order":0,"comment_status":"closed","ping_status":"closed","template":"","meta":{"footnotes":""},"class_list":["post-2645","page","type-page","status-publish","hentry"],"_links":{"self":[{"href":"https:\/\/bogota.siggraph.org\/es\/wp-json\/wp\/v2\/pages\/2645","targetHints":{"allow":["GET"]}}],"collection":[{"href":"https:\/\/bogota.siggraph.org\/es\/wp-json\/wp\/v2\/pages"}],"about":[{"href":"https:\/\/bogota.siggraph.org\/es\/wp-json\/wp\/v2\/types\/page"}],"author":[{"embeddable":true,"href":"https:\/\/bogota.siggraph.org\/es\/wp-json\/wp\/v2\/users\/3"}],"replies":[{"embeddable":true,"href":"https:\/\/bogota.siggraph.org\/es\/wp-json\/wp\/v2\/comments?post=2645"}],"version-history":[{"count":7,"href":"https:\/\/bogota.siggraph.org\/es\/wp-json\/wp\/v2\/pages\/2645\/revisions"}],"predecessor-version":[{"id":2657,"href":"https:\/\/bogota.siggraph.org\/es\/wp-json\/wp\/v2\/pages\/2645\/revisions\/2657"}],"wp:attachment":[{"href":"https:\/\/bogota.siggraph.org\/es\/wp-json\/wp\/v2\/media?parent=2645"}],"curies":[{"name":"wp","href":"https:\/\/api.w.org\/{rel}","templated":true}]}}